{"id":1217,"date":"2025-01-01T00:12:36","date_gmt":"2024-12-31T23:12:36","guid":{"rendered":"https:\/\/robobrush.co\/?page_id=1217"},"modified":"2025-06-30T05:56:02","modified_gmt":"2025-06-30T03:56:02","slug":"order-tracking","status":"publish","type":"page","link":"https:\/\/robobrush.co\/cz\/order-tracking\/","title":{"rendered":"Sledov\u00e1n\u00ed z\u00e1silky"},"content":{"rendered":"","protected":false},"excerpt":{"rendered":"","protected":false},"author":1,"featured_media":0,"parent":0,"menu_order":0,"comment_status":"closed","ping_status":"closed","template":"","meta":{"footnotes":""},"class_list":["post-1217","page","type-page","status-publish","hentry"],"_links":{"self":[{"href":"https:\/\/robobrush.co\/cz\/wp-json\/wp\/v2\/pages\/1217","targetHints":{"allow":["GET"]}}],"collection":[{"href":"https:\/\/robobrush.co\/cz\/wp-json\/wp\/v2\/pages"}],"about":[{"href":"https:\/\/robobrush.co\/cz\/wp-json\/wp\/v2\/types\/page"}],"author":[{"embeddable":true,"href":"https:\/\/robobrush.co\/cz\/wp-json\/wp\/v2\/users\/1"}],"replies":[{"embeddable":true,"href":"https:\/\/robobrush.co\/cz\/wp-json\/wp\/v2\/comments?post=1217"}],"version-history":[{"count":2,"href":"https:\/\/robobrush.co\/cz\/wp-json\/wp\/v2\/pages\/1217\/revisions"}],"predecessor-version":[{"id":1637,"href":"https:\/\/robobrush.co\/cz\/wp-json\/wp\/v2\/pages\/1217\/revisions\/1637"}],"wp:attachment":[{"href":"https:\/\/robobrush.co\/cz\/wp-json\/wp\/v2\/media?parent=1217"}],"curies":[{"name":"wp","href":"https:\/\/api.w.org\/{rel}","templated":true}]}}